{"id":1522,"date":"2020-06-04T20:06:32","date_gmt":"2020-06-04T18:06:32","guid":{"rendered":"https:\/\/da.ecogood.world\/?page_id=1522"},"modified":"2025-03-07T13:39:43","modified_gmt":"2025-03-07T12:39:43","slug":"dataprotection_agreement_de","status":"publish","type":"page","link":"https:\/\/interactive.econgood.org\/smartwe\/dataprotection_agreement_de\/","title":{"rendered":"dataprotection_agreement_de &#8211; request_account"},"content":{"rendered":"<h1>Datenschutz-Vereinbarung<\/h1>\n<p><em>Download des folgenden <a href=\"https:\/\/interactive.econgood.org\/smartwe\/wp-content\/uploads\/sites\/49\/2025\/03\/datenschutz_mitteilung_mitgliederanmeldung_de.pdf\" target=\"_blank\" rel=\"noopener noreferrer\">Text als <strong>PDF<\/strong><\/a><\/em><\/p>\n<p>In Aus\u00fcbung Deiner T\u00e4tigkeit als aktives GW\u00d6-Mitglied im Verband und\/oder in einem GW\u00d6-Partnerverein mit ECG-Account kannst Du Kenntnis von personenbezogenen Daten erhalten \u2013 zum Beispiel von Vereinsmitgliedern, Spender*innen, Unterzeichner*innen und Interessent*innen sowie Mitarbeiter*innen von Organisationen jeder Rechtsform. Insbesondere kannst Du auch Kenntnis von Meinungen und evtl. politischen Haltungen, die datenschutzrechtlich besonders sch\u00fctzenwert sind, erhalten.<\/p>\n<p><strong>Du bist verpflichtet, den Datenschutz bei Deiner T\u00e4tigkeit f\u00fcr den Verband und\/oder jeweiligen GW\u00d6-Partnerverein und die Bewegung zu beachten.<\/strong> Verst\u00f6\u00dfe dagegen k\u00f6nnen je nach Schwere mit Geldbu\u00dfe, Geldstrafe oder Freiheitsstrafe geahndet werden sowie private Schadenersatzanspr\u00fcche begr\u00fcnden. Daneben k\u00f6nnen sie ggfs. auch arbeitsrechtlich geahndet werden.<\/p>\n<p>Alle pers\u00f6nlichen Daten unterliegen dem gesetzlichen Datenschutz und sind sorgf\u00e4ltig und vertraulich von Dir zu behandeln. Auch die GW\u00d6-internen Unterlagen und Informationen, die Dir durch die Nutzung Deines ECG-Accounts zug\u00e4nglich werden, sind sensibel zu behandeln. Dar\u00fcber hinaus sind sie \u2013 sofern sie nicht ausdr\u00fccklich als \u00f6ffentlich gekennzeichnet sind &#8211; nur GW\u00d6-intern zu verwenden.<\/p>\n<h2>Deine Pflichten in punkto Datenschutz sind insbesondere:<\/h2>\n<ul>\n<li>Du darfst pers\u00f6nliche Daten nur verarbeiten (also z.B. lesen, sortieren, als Adressen nutzen&#8230;), wenn daf\u00fcr eine Rechtsgrundlage, z.B. f\u00fcr die Verwaltung im Rahmen der Mitgliedschaft oder zur Erf\u00fcllung einer Aufgabe als Aktive*r besteht.<\/li>\n<li>Du darfst sie nur in dem Umfang und in der Weise verarbeiten, wie es zur Erf\u00fcllung der Dir \u00fcbertragenen Aufgaben erforderlich ist. Eine anderweitige Verwendung der Daten, z.B. f\u00fcr eigene berufliche oder private Zwecke ist nicht zul\u00e4ssig.<\/li>\n<li>Ein Teilen der Informationen mit anderen au\u00dferhalb dieser Zwecke ist nicht zul\u00e4ssig.<\/li>\n<li>Besonders sensible Daten d\u00fcrfen nur sehr eingeschr\u00e4nkt verarbeitet werden (z.B. Bankdaten, Informationen \u00fcber die weltanschauliche oder sexuelle Orientierung). Hier gilt im Besonderen die Sorgfaltspflicht gegen unbefugte Offenlegung (also z.B. nicht das Speichern auf einer unverschl\u00fcsselten Festplatte) und das Verbot der Weitergabe.<\/li>\n<li>Du bist verpflichtet, der Verbands- und\/oder GW\u00d6-Partnervereinsleitung bzw. entsprechenden Gremien der Bewegung s\u00e4mtliche Daten, die Du im Auftrag des Verbandes und\/oder des jeweiligen GW\u00d6-Partnervereins und der Bewegung verarbeitest, jederzeit auf Verlangen zur Verf\u00fcgung zu stellen.<\/li>\n<li>Weitere Grunds\u00e4tze, die Du beachten musst, werden in der Anlage erl\u00e4utert, die dieser Erkl\u00e4rung beigeheftet ist. Du bist verpflichtet, die Anlage zu lesen und die genannten Vorschriften nach bestem Wissen zu beachten. Im Fall von Unklarheiten wende Dich bitte an den Vorstand. Die Verschwiegenheit erstreckt sich nicht auf solche Kenntnisse, die jedermann zug\u00e4nglich sind.<\/li>\n<\/ul>\n<h2>Um die Vertraulichkeit sicher zu stellen, ergreife bitte folgende Massnahmen:<\/h2>\n<ul>\n<li>Wir weisen ausdr\u00fccklich darauf hin, dass die Bearbeitung aller pers\u00f6nlichen Daten nach M\u00f6glichkeit in den von der GW\u00d6 bereit gestellten Werkzeugen zu erfolgen hat, denn darin wird f\u00fcr Sicherheit seitens der ECG-IT Sorge getragen.<\/li>\n<li>Das Herunterladen auf Deinen eigenen Rechner und das dortige Weiterverarbeiten in anderen Programmen, ist zu vermeiden. Falls es doch einmal n\u00f6tig sein sollte, geht dadurch die Sicherheitsverantzwortung auf Dich pers\u00f6nlich \u00fcber. Diese Daten m\u00fcssen dann sicher verarbeitet werden, sodass sie vor Vernichtung, Verlust, unbeabsichtigter Ver\u00e4nderung und unbefugter Offenlegung gesch\u00fctzt sind. Dies gilt auch und besonders f\u00fcr Ausdrucke.<\/li>\n<li>Du bist verpflichtet, die Zugangsdaten zur Einsicht und Eingabe der Daten \u00fcber das Internet <strong>geheim<\/strong> zu halten. Eine Weitergabe dieser Daten ist nicht zul\u00e4ssig \u2013 auch nicht im Rahmen einer eventuellen Vertretung. Im Vertretungsfall ist eine Person zu suchen, f\u00fcr die ebenfalls ein ECG-Account mit entsprechender unterzeichneter Datenschutzerkl\u00e4rung besteht.<\/li>\n<\/ul>\n<p>Bei Beendigung Deiner datenverarbeitenden T\u00e4tigkeit f\u00fcr den Verband und\/oder jeweiligen GW\u00d6-Partnerverein und die Bewegung musst Du s\u00e4mtliche personenbezogenen Daten, die Du im Rahmen dieser T\u00e4tigkeit zu diesem Zeitpunkt gespeichert hast, an den Verband und\/oder jeweiligen GW\u00d6-Partnerverein bzw. die entsprechenden Gremien der Bewegung des Verbandes und\/oder der jeweiligen GW\u00d6-Partnervereine zur\u00fcckgeben. Dies gilt insbesondere auch f\u00fcr Funktions-\/Gruppenpostf\u00e4cher und entsprechende Ordner in der Datacloud, f\u00fcr die Du die Verantwortung hatttest. S\u00e4mtliche evtl. vorhandenen Kopien von allen Datentr\u00e4gern, die in Deinem pers\u00f6nlichen Besitz sind, musst Du zuverl\u00e4ssig l\u00f6schen Best\u00e4tige den erfolgten L\u00f6schvorgang gegen\u00fcber der\/dem Datenschutz-Zust\u00e4ndigen in Deiner Organisationseinheit in dokumentierbarer Form.<\/p>\n<h2>Allgemeine Hinweise<\/h2>\n<ul>\n<li>Wir weisen explizit darauf hin, dass Dir die Ecogood-IT-Systeme zur Erf\u00fcllung Deiner Aufhaben innerhalb der Organisation zur Verf\u00fcgung gestellt werden und nicht f\u00fcr prim\u00e4r private Daten gedacht sind.<\/li>\n<li>Es versteht sich eigentlich von selbst, aber wir weisen explizit darauf hin, dass nur legale Daten in unseren Systemen erlaubt sind.<\/li>\n<li>Deine sich ggfs. aus dem Arbeits- bzw. Dienstvertrag und der Arbeitsordnung ergebende allgemeine Geheimhaltungsverpflichtung und \u00e4hnliche gesetzliche Pflichten werden durch diese Erkl\u00e4rung nicht ber\u00fchrt.<\/li>\n<li>Deine Verpflichtung zur Wahrung des Datenschutzes besteht auch nach der Beendigung Deiner T\u00e4tigkeit f\u00fcr den Verband und\/oder jeweiligen GW\u00d6-Partnerverein bzw. die entsprechenden Gremien der Bewegung des Verbandes und\/oder der jeweiligen GW\u00d6-Partnervereine fort. Bitte speichere diese Erkl\u00e4rung oder drucke Sie aus, damit Du Dir Deiner Pflichten jederzeit bewusst bist.<\/li>\n<\/ul>\n<p>Du best\u00e4tigst mit der Zustimmung zu dieser Erkl\u00e4rung im Antrag, dass Du \u00fcber die gesetzlichen Bestimmungen zum Datenschutz, die sich daraus f\u00fcr Dich ergeben, informiert worden bist und Dich mit den oben genannten Verpflichtungen einverstanden erkl\u00e4rst.<\/p>\n<p><em>Hamburg, 4. June 2020<\/em><\/p>\n<p><em>V 202006.1<\/em><\/p>\n","protected":false},"excerpt":{"rendered":"<p>Datenschutz-Vereinbarung Download des folgenden Text als PDF In Aus\u00fcbung Deiner T\u00e4tigkeit als aktives GW\u00d6-Mitglied im Verband und\/oder in einem GW\u00d6-Partnerverein mit ECG-Account kannst Du Kenntnis von personenbezogenen Daten erhalten \u2013 zum Beispiel von Vereinsmitgliedern, Spender*innen, Unterzeichner*innen und Interessent*innen sowie Mitarbeiter*innen von Organisationen jeder Rechtsform. Insbesondere kannst Du auch Kenntnis von Meinungen und evtl. politischen Haltungen, die [&hellip;]<\/p>\n","protected":false},"author":253,"featured_media":0,"parent":0,"menu_order":0,"comment_status":"closed","ping_status":"closed","template":"blank.php","meta":{"inline_featured_image":false,"footnotes":""},"_links":{"self":[{"href":"https:\/\/interactive.econgood.org\/smartwe\/wp-json\/wp\/v2\/pages\/1522"}],"collection":[{"href":"https:\/\/interactive.econgood.org\/smartwe\/wp-json\/wp\/v2\/pages"}],"about":[{"href":"https:\/\/interactive.econgood.org\/smartwe\/wp-json\/wp\/v2\/types\/page"}],"author":[{"embeddable":true,"href":"https:\/\/interactive.econgood.org\/smartwe\/wp-json\/wp\/v2\/users\/253"}],"replies":[{"embeddable":true,"href":"https:\/\/interactive.econgood.org\/smartwe\/wp-json\/wp\/v2\/comments?post=1522"}],"version-history":[{"count":1,"href":"https:\/\/interactive.econgood.org\/smartwe\/wp-json\/wp\/v2\/pages\/1522\/revisions"}],"predecessor-version":[{"id":2493,"href":"https:\/\/interactive.econgood.org\/smartwe\/wp-json\/wp\/v2\/pages\/1522\/revisions\/2493"}],"wp:attachment":[{"href":"https:\/\/interactive.econgood.org\/smartwe\/wp-json\/wp\/v2\/media?parent=1522"}],"curies":[{"name":"wp","href":"https:\/\/api.w.org\/{rel}","templated":true}]}}