{"id":1153,"date":"2020-03-02T16:16:13","date_gmt":"2020-03-02T15:16:13","guid":{"rendered":"https:\/\/da.ecogood.world\/?page_id=1153"},"modified":"2025-03-07T13:39:04","modified_gmt":"2025-03-07T12:39:04","slug":"dataprotection_website_de","status":"publish","type":"page","link":"https:\/\/interactive.econgood.org\/smartwe\/dataprotection_website_de\/","title":{"rendered":"dataprotection_website_de"},"content":{"rendered":"<h1>Datenschutz-Mitteilung<\/h1>\n<p><em>Download des folgenden <a href=\"https:\/\/interactive.econgood.org\/smartwe\/wp-content\/uploads\/sites\/49\/2025\/03\/datenschutz_mitteilung_mitgliederanmeldung_de.pdf\">Textes als <strong>PDF<\/strong><\/a><\/em><\/p>\n<p>Diese Website wird vom Internationalen Verband, International Federation for the Economy for the Common Good e.V. mit Sitz in Hamburg Stresemannstr. 23, 22769 Hamburg betrieben.<\/p>\n<p>Der Schutz Ihrer personenbezogenen Daten ist uns ein besonderes Anliegen. Wir verarbeiten Ihre Daten daher ausschlie\u00dflich auf Grundlage der gesetzlichen Bestimmungen (europ\u00e4ische Datenschutzgrundverordnung (DSGVO) und die jeweiligen nationalen Datenschutzgesetze). In dieser Datenschutz-Mitteilung informieren wir Sie \u00fcber die wichtigsten Aspekte der Datenverarbeitung im Zusammenhang mit unserer Website.<\/p>\n<h2>Welche Daten wir \u00fcber Sie verarbeiten<\/h2>\n<p>Im Zuge Ihres Besuches dieser Website erheben wir automatisiert einige Informationen, die in den folgenden Abschnitten genau dargelegt werden. Dar\u00fcber hinaus verarbeiten wir auch jene Informationen, die Sie selbst durch Ausf\u00fcllen von Formularen wie etwa zum Kontakt oder zur Anmeldung als Mitglied angeben.<\/p>\n<h2>Zwecke der Datenverarbeitung<\/h2>\n<p>Wir verarbeiten Ihre Daten auf Grundlage unseres \u00fcberwiegenden berechtigten Interesses (Art 6 Abs 1 lit f DSGVO),<\/p>\n<ul>\n<li>um Ihnen diese Website inklusive unserer Services zur Verf\u00fcgung zu stellen<\/li>\n<li>um Nutzungsstatistiken erstellen zu k\u00f6nnen<\/li>\n<li>um unser Angebot und unseren Webauftritt zu verbessern<\/li>\n<li>um Angriffe auf unsere Website erkennen, verhindern und untersuchen zu k\u00f6nnen<\/li>\n<li>um auf Ihre Fragen zu antworten<\/li>\n<\/ul>\n<p>Im Falle einer Anmeldung als Interessent*in\/Unterst\u00fctzer*in, Mitglied oder Spender*in verarbeiten wir Ihre Daten<\/p>\n<ul>\n<li>um Ihrem Interesse an weiteren Informationen nachkommen zu k\u00f6nnen und z.B. einem Wunsch nach der Zusendung eines Newsletters erf\u00fcllen zu k\u00f6nnen.<\/li>\n<li>um Sie als Mitglied in einem Verein der Gemeinwohl-\u00d6konomie aufnehmen und verwalten zu k\u00f6nnen.<\/li>\n<li>um Ihre Spende verwalten zu k\u00f6nnen (Bank\u00fcberweisung, evtl. Zuwendungsbest\u00e4tigung).<\/li>\n<\/ul>\n<p>Zu den dann verarbeiteten Daten finden Sie ausf\u00fchrliche Informationen in der dort hinterlegten Datenschutz-Mitteilung.<\/p>\n<h2>\u00dcbermittlung Ihrer personenbezogenen Daten<\/h2>\n<p>Zu den oben genannten Zwecken werden wir Ihre personenbezogenen Daten an folgende Empf\u00e4nger, die ihre Daten ausschlie\u00dflich in der EU verarbeiten, \u00fcbermitteln:<\/p>\n<ul>\n<li>von uns eingesetzte IT-Dienstleister<\/li>\n<li>an den jeweiligen GW\u00d6-Partnerverein, dessen Mitglied Sie werden wollen oder f\u00fcr den Sie spenden m\u00f6chten<\/li>\n<li>in anonymisierter allgemein statistischer Form an die Mitgliedsvereine im Internationalen Verband<\/li>\n<li>im Anlassfall an Strafverfolgungsbeh\u00f6rden<\/li>\n<\/ul>\n<h2>Verarbeitete Daten im Detail<\/h2>\n<h3>Anonymisierte Webanalyse<\/h3>\n<p>Zur Analyse und Optimierung unserer Website verwenden wir Statify, eine Webanalysesoftware. Sie z\u00e4hlt die Zugriffe auf unsere Website und erzeugt statistische, anonymisierte Zugriffsstatistiken. Durch diese Software werden keine personenbezogenen Daten gespeichert oder an Dritte weitergegeben.<\/p>\n<h3>Keine Cookies<\/h3>\n<p>Unsere Website verwendet keine Cookies. Dabei handelt es sich um kleine Textdateien, die mit Hilfe des Browsers auf Ihrem Endger\u00e4t abgelegt werden.<\/p>\n<h3>Newsletter<\/h3>\n<p>Sie haben die M\u00f6glichkeit, \u00fcber unsere Website Newsletter von GW\u00d6-Vereinen und Regionalgruppen zu abonnieren. Hierf\u00fcr ben\u00f6tigen wir Ihre E-Mail-Adresse und ihre Erkl\u00e4rung, dass Sie mit dem Bezug des Newsletters einverstanden sind. Weitere Angaben (Anrede und Name) sind optional.<\/p>\n<p>Sobald Sie sich f\u00fcr einen Newsletter angemeldet haben, senden wir Ihnen ein Best\u00e4tigungs-E-Mail mit einem Link zur Best\u00e4tigung der Anmeldung.<\/p>\n<p>Das Abo eines Newsletters k\u00f6nnen Sie jederzeit stornieren. Sie finden dazu in jedem Newsletter einen entsprechenden Link vor. Wir l\u00f6schen anschlie\u00dfend umgehend Ihre Daten im Zusammenhang mit dem jeweiligen Newsletter-Versand.<\/p>\n<h2>Speicherdauer<\/h2>\n<p>Wenn Sie sich auf unserer Website registrieren, werden wir Ihre Daten jedenfalls so lange speichern, so lange Ihr Account oder Ihr Newsletter-Abo besteht und danach f\u00fcr nur so lange, wie rechtliche Verpflichtungen dies vorsehen.<\/p>\n<h2>Datensicherheit<\/h2>\n<p>Alle von Ihnen pers\u00f6nlich \u00fcbermittelten Daten werden mit dem allgemein \u00fcblichen und sicheren Standard TLS (Transport Layer Security) verschl\u00fcsselt \u00fcbertragen. Wir bedienen uns im \u00dcbrigen geeigneter technischer und organisatorischer Sicherheitsma\u00dfnahmen, um Ihre Daten gegen zuf\u00e4llige oder vors\u00e4tzliche Manipulationen, teilweisen oder vollst\u00e4ndigen Verlust, Zerst\u00f6rung oder gegen den unbefugten Zugriff Dritter zu sch\u00fctzen. Unsere Sicherheitsma\u00dfnahmen werden entsprechend der technologischen Entwicklung fortlaufend verbessert.<\/p>\n<h2>Ihre Rechte<\/h2>\n<p>Ihnen stehen grunds\u00e4tzlich die Rechte auf Auskunft, Berichtigung, L\u00f6schung, Einschr\u00e4nkung, Daten\u00fcbertragbarkeit, Widerruf und Widerspruch zu. Wenn Sie der Ansicht sind, dass die Verarbeitung Ihrer Daten gegen das Datenschutzrecht verst\u00f6\u00dft oder Ihre datenschutzrechtlichen Anspr\u00fcche sonst in einer Weise verletzt worden sind, k\u00f6nnen Sie dies bei der Aufsichtsbeh\u00f6rde melden:<\/p>\n<p>Der Hamburgische Beauftragte f\u00fcr Datenschutz und Informationsfreiheit<\/p>\n<p>Ludwig-Erhard-Str. 22, 7.OG<\/p>\n<p>20459 Hamburg<\/p>\n<p>mailbox@datenschutz.hamburg.de<\/p>\n<p>+49 40 428 54-4040<\/p>\n<h3>Unsere Kontaktdaten<\/h3>\n<p>Sollten Sie zu der Verarbeitung Ihrer personenbezogenen Daten Fragen oder Anliegen haben, wenden Sie sich bitte an uns unter datenschutz@ecogood.org<\/p>\n<h2>Aktualit\u00e4t und \u00c4nderung dieser Datenschutz-Mitteilung<\/h2>\n<p>Diese Datenschutz-Mitteilung ist aktuell g\u00fcltig und hat den Stand M\u00e4rz 2020. Durch die Weiterentwicklung unserer Website und Angebote dar\u00fcber oder aufgrund ge\u00e4nderter gesetzlicher bzw. beh\u00f6rdlicher Vorgaben kann es notwendig werden, diese Datenschutz-Mitteilung zu \u00e4ndern. Die jeweils aktuelle Datenschutz-Mitteilung kann jederzeit von Ihnen auf dieser Website abgerufen werden.<\/p>\n<p><em>Hamburg, den 20.1.2020<\/em><\/p>\n<p>&nbsp;<\/p>\n<p>V202006.1<\/p>\n","protected":false},"excerpt":{"rendered":"<p>Datenschutz-Mitteilung Download des folgenden Textes als PDF Diese Website wird vom Internationalen Verband, International Federation for the Economy for the Common Good e.V. mit Sitz in Hamburg Stresemannstr. 23, 22769 Hamburg betrieben. Der Schutz Ihrer personenbezogenen Daten ist uns ein besonderes Anliegen. Wir verarbeiten Ihre Daten daher ausschlie\u00dflich auf Grundlage der gesetzlichen Bestimmungen (europ\u00e4ische Datenschutzgrundverordnung (DSGVO) [&hellip;]<\/p>\n","protected":false},"author":253,"featured_media":0,"parent":0,"menu_order":0,"comment_status":"closed","ping_status":"closed","template":"blank.php","meta":{"inline_featured_image":false,"footnotes":""},"_links":{"self":[{"href":"https:\/\/interactive.econgood.org\/smartwe\/wp-json\/wp\/v2\/pages\/1153"}],"collection":[{"href":"https:\/\/interactive.econgood.org\/smartwe\/wp-json\/wp\/v2\/pages"}],"about":[{"href":"https:\/\/interactive.econgood.org\/smartwe\/wp-json\/wp\/v2\/types\/page"}],"author":[{"embeddable":true,"href":"https:\/\/interactive.econgood.org\/smartwe\/wp-json\/wp\/v2\/users\/253"}],"replies":[{"embeddable":true,"href":"https:\/\/interactive.econgood.org\/smartwe\/wp-json\/wp\/v2\/comments?post=1153"}],"version-history":[{"count":2,"href":"https:\/\/interactive.econgood.org\/smartwe\/wp-json\/wp\/v2\/pages\/1153\/revisions"}],"predecessor-version":[{"id":2492,"href":"https:\/\/interactive.econgood.org\/smartwe\/wp-json\/wp\/v2\/pages\/1153\/revisions\/2492"}],"wp:attachment":[{"href":"https:\/\/interactive.econgood.org\/smartwe\/wp-json\/wp\/v2\/media?parent=1153"}],"curies":[{"name":"wp","href":"https:\/\/api.w.org\/{rel}","templated":true}]}}